{"id":199,"date":"2024-12-16T11:15:44","date_gmt":"2024-12-16T11:15:44","guid":{"rendered":"https:\/\/hotel-suisse-nice.ms2.decms.eu\/contact\/"},"modified":"2025-02-14T09:06:43","modified_gmt":"2025-02-14T09:06:43","slug":"contacts","status":"publish","type":"page","link":"https:\/\/www.hotel-nice-suisse.com\/en\/contacts\/","title":{"rendered":"Contacts"},"content":{"rendered":"<p style=\"text-align: center\"><strong>HOTEL SUISSE NICE<\/strong><br \/>\n15 Quai Raub\u00e0 Cap\u00e9\u00f9<br \/>\nPromenade des Anglais, 06300 Nice, France<\/p>\n<p style=\"text-align: center\"><a href=\"mailto:suisse@hoa-hotels.com\">suisse@hoa-hotels.com<\/a><br \/>\n<strong>P:<\/strong> <a href=\"tel:+33 (0) 4 92 17 39 00\">+33 (0) 4 92 17 39 00<\/a><\/p>\n\n                <div class='gf_browser_gecko gform_wrapper' id='gform_wrapper_3' ><div id='gf_3' class='gform_anchor' tabindex='-1'><\/div><form method='post' enctype='multipart\/form-data' target='gform_ajax_frame_3' id='gform_3'  action='\/en\/wp-json\/wp\/v2\/pages\/199#gf_3'>\n                        <div class='gform_heading'>\n                            <span class='gform_description'><\/span>\n                        <\/div>\n                        <div class='gform_body'><ul id='gform_fields_3' class='gform_fields top_label form_sublabel_below description_below'><li id='field_3_12'  class='gfield medium gfield_contains_required field_sublabel_below field_description_below gfield_visibility_visible' ><label class='gfield_label' for='input_3_12' >First name<span class='gfield_required'>*<\/span><\/label><div class='ginput_container ginput_container_text'><input name='input_12' id='input_3_12' type='text' value='' class='small'     aria-required=\"true\" aria-invalid=\"false\" \/><\/div><\/li><li id='field_3_13'  class='gfield medium gfield_contains_required field_sublabel_below field_description_below gfield_visibility_visible' ><label class='gfield_label' for='input_3_13' >Last name<span class='gfield_required'>*<\/span><\/label><div class='ginput_container ginput_container_text'><input name='input_13' id='input_3_13' type='text' value='' class='small'     aria-required=\"true\" aria-invalid=\"false\" \/><\/div><\/li><li id='field_3_3'  class='gfield medium field_sublabel_below field_description_below gfield_visibility_visible' ><label class='gfield_label' for='input_3_3' >Phone<\/label><div class='ginput_container ginput_container_phone'><input name='input_3' id='input_3_3' type='text' value='' class='small'    aria-invalid=\"false\"  \/><\/div><\/li><li id='field_3_8'  class='gfield medium gfield_contains_required field_sublabel_below field_description_below gfield_visibility_visible' ><label class='gfield_label' for='input_3_8' >E-mail<span class='gfield_required'>*<\/span><\/label><div class='ginput_container ginput_container_email'>\n                            <input name='input_8' id='input_3_8' type='text' value='' class='small'    aria-required=\"true\" aria-invalid=\"false\" \/>\n                        <\/div><\/li><li id='field_3_5'  class='gfield gfield_contains_required field_sublabel_below field_description_below gfield_visibility_visible' ><label class='gfield_label' for='input_3_5' >Message<span class='gfield_required'>*<\/span><\/label><div class='ginput_container ginput_container_textarea'><textarea name='input_5' id='input_3_5' class='textarea medium'     aria-required=\"true\" aria-invalid=\"false\"   rows='10' cols='50'><\/textarea><\/div><\/li><li id='field_3_11'  class='gfield gfield_contains_required field_sublabel_below field_description_below gfield_visibility_visible' ><label class='gfield_label'  >Privacy<span class='gfield_required'>*<\/span><\/label><div class='ginput_container ginput_container_checkbox'><ul class='gfield_checkbox' id='input_3_11'><li class='gchoice_3_11_1'>\n\t\t\t\t\t\t\t\t<input name='input_11.1' type='checkbox'  value='Yes, I accept the &lt;a href=&quot;\/en\/privacy-policy\/&quot; target=&quot;_blank&quot;&gt;privacy policy&lt;\/a&gt;.'  id='choice_3_11_1'   \/>\n\t\t\t\t\t\t\t\t<label for='choice_3_11_1' id='label_3_11_1'>Yes, I accept the <a href=\"\/en\/privacy-policy\/\" target=\"_blank\">privacy policy<\/a>.<\/label>\n\t\t\t\t\t\t\t<\/li><\/ul><\/div><\/li><li id='field_3_14'  class='gfield gfield_contains_required field_sublabel_below field_description_below gfield_visibility_visible' ><label class='gfield_label' for='input_3_14' >hCaptcha<span class='gfield_required'>*<\/span><\/label><div class='ginput_container ginput_container_hcaptcha'><input type='hidden' name='input_14' value='true'><div id='hCaptcha_3_14' class='h-captcha medium' data-sitekey=\"8eb43ae0-4dde-45a0-8f00-65681e0692ba\"><\/div><\/div><\/li><li id='field_3_15'  class='gfield gform_validation_container field_sublabel_below field_description_below gfield_visibility_visible' ><label class='gfield_label' for='input_3_15' >Phone<\/label><div class='ginput_container'><input name='input_15' id='input_3_15' type='text' value='' \/><\/div><div class='gfield_description' id='gfield_description_3_15'>This field is for validation purposes and should be left unchanged.<\/div><\/li>\n                            <\/ul><\/div>\n        <div class='gform_footer top_label'> <input type='submit' id='gform_submit_button_3' class='gform_button button' value='Send'  onclick='if(window[\"gf_submitting_3\"]){return false;}  window[\"gf_submitting_3\"]=true;  ' onkeypress='if( event.keyCode == 13 ){ if(window[\"gf_submitting_3\"]){return false;} window[\"gf_submitting_3\"]=true;  jQuery(\"#gform_3\").trigger(\"submit\",[true]); }' \/> <input type='hidden' name='gform_ajax' value='form_id=3&amp;title=&amp;description=1&amp;tabindex=0' \/>\n            <input type='hidden' class='gform_hidden' name='is_submit_3' value='1' \/>\n            <input type='hidden' class='gform_hidden' name='gform_submit' value='3' \/>\n            \n            <input type='hidden' class='gform_hidden' name='gform_unique_id' value='' \/>\n            <input type='hidden' class='gform_hidden' name='state_3' value='WyJbXSIsIjY3ZWNjOTcwODMwMzRmMzk1MDc2OTMyMjQyNjMyODIwIl0=' \/>\n            <input type='hidden' class='gform_hidden' name='gform_target_page_number_3' id='gform_target_page_number_3' value='0' \/>\n            <input type='hidden' class='gform_hidden' name='gform_source_page_number_3' id='gform_source_page_number_3' value='1' \/>\n            <input type='hidden' name='gform_field_values' value='' \/>\n            \n        <\/div>\n                        <\/form>\n                        <\/div>\n                <iframe style='display:none;width:0px;height:0px;' src='about:blank' name='gform_ajax_frame_3' id='gform_ajax_frame_3' title='This iframe contains the logic required to handle Ajax powered Gravity Forms.'><\/iframe>\n                <script type='text\/javascript'>jQuery(document).ready(function($){gformInitSpinner( 3, 'data:image\/gif;base64,R0lGODlhAQABAIAAAAAAAP\/\/\/yH5BAEAAAAALAAAAAABAAEAAAIBRAA7' );jQuery('#gform_ajax_frame_3').on('load',function(){var contents = jQuery(this).contents().find('*').html();var is_postback = contents.indexOf('GF_AJAX_POSTBACK') >= 0;if(!is_postback){return;}var form_content = jQuery(this).contents().find('#gform_wrapper_3');var is_confirmation = jQuery(this).contents().find('#gform_confirmation_wrapper_3').length > 0;var is_redirect = contents.indexOf('gformRedirect(){') >= 0;var is_form = form_content.length > 0 && ! is_redirect && ! is_confirmation;var mt = parseInt(jQuery('html').css('margin-top'), 10) + parseInt(jQuery('body').css('margin-top'), 10) + 100;if(is_form){jQuery('#gform_wrapper_3').html(form_content.html());if(form_content.hasClass('gform_validation_error')){jQuery('#gform_wrapper_3').addClass('gform_validation_error');} else {jQuery('#gform_wrapper_3').removeClass('gform_validation_error');}setTimeout( function() { \/* delay the scroll by 50 milliseconds to fix a bug in chrome *\/ jQuery(document).scrollTop(jQuery('#gform_wrapper_3').offset().top - mt); }, 50 );if(window['gformInitDatepicker']) {gformInitDatepicker();}if(window['gformInitPriceFields']) {gformInitPriceFields();}var current_page = jQuery('#gform_source_page_number_3').val();gformInitSpinner( 3, 'data:image\/gif;base64,R0lGODlhAQABAIAAAAAAAP\/\/\/yH5BAEAAAAALAAAAAABAAEAAAIBRAA7' );jQuery(document).trigger('gform_page_loaded', [3, current_page]);window['gf_submitting_3'] = false;}else if(!is_redirect){var confirmation_content = jQuery(this).contents().find('.GF_AJAX_POSTBACK').html();if(!confirmation_content){confirmation_content = contents;}setTimeout(function(){jQuery('#gform_wrapper_3').replaceWith(confirmation_content);jQuery(document).scrollTop(jQuery('#gf_3').offset().top - mt);jQuery(document).trigger('gform_confirmation_loaded', [3]);window['gf_submitting_3'] = false;}, 50);}else{jQuery('#gform_3').append(contents);if(window['gformRedirect']) {gformRedirect();}}jQuery(document).trigger('gform_post_render', [3, current_page]);} );} );<\/script>\n","protected":false},"excerpt":{"rendered":"<p>HOTEL SUISSE NICE 15 Quai Raub\u00e0 Cap\u00e9\u00f9 Promenade des Anglais, 06300 Nice, France suisse@hoa-hotels.com P: +33 (0) 4 92 17 39 00<\/p>\n","protected":false},"author":199,"featured_media":0,"parent":0,"menu_order":40,"comment_status":"closed","ping_status":"closed","template":"template-contacts.php","meta":{"footnotes":""},"class_list":["post-199","page","type-page","status-publish","hentry"],"yoast_head":"<!-- This site is optimized with the Yoast SEO plugin v27.3 - https:\/\/yoast.com\/product\/yoast-seo-wordpress\/ -->\n<title>Contacts - Hotel Suisse Nice -<\/title>\n<meta name=\"description\" content=\"HOTEL SUISSE NICE 15 Quai Raub\u00e0 Cap\u00e9\u00f9 Promenade des Anglais, 06300 Nice, France suisse@hoa-hotels.com P: +33 (0) 4 92 17 39 00 [gravityform id=&quot;3&quot; title=&quot;false&quot; description=&quot;true&quot; ajax=&quot;true&quot;].\" \/>\n<meta name=\"robots\" content=\"index, follow, max-snippet:-1, max-image-preview:large, max-video-preview:-1\" \/>\n<link rel=\"canonical\" href=\"https:\/\/www.hotel-nice-suisse.com\/en\/contacts\/\" \/>\n<meta property=\"og:locale\" content=\"en_US\" \/>\n<meta property=\"og:type\" content=\"article\" \/>\n<meta property=\"og:title\" content=\"Contacts - Hotel Suisse Nice -\" \/>\n<meta property=\"og:description\" content=\"HOTEL SUISSE NICE 15 Quai Raub\u00e0 Cap\u00e9\u00f9 Promenade des Anglais, 06300 Nice, France suisse@hoa-hotels.com P: +33 (0) 4 92 17 39 00 [gravityform id=&quot;3&quot; title=&quot;false&quot; description=&quot;true&quot; ajax=&quot;true&quot;].\" \/>\n<meta property=\"og:url\" content=\"https:\/\/www.hotel-nice-suisse.com\/en\/contacts\/\" \/>\n<meta property=\"og:site_name\" content=\"Hotel Suisse Nice\" \/>\n<meta property=\"article:publisher\" content=\"https:\/\/www.facebook.com\/HotelSuisseNice\" \/>\n<meta property=\"article:modified_time\" content=\"2025-02-14T09:06:43+00:00\" \/>\n<meta property=\"og:image\" content=\"https:\/\/www.hotel-nice-suisse.com\/wp-content\/uploads\/sites\/189\/2024\/12\/hotel_Suisse_nice_chambres_feat.jpg\" \/>\n\t<meta property=\"og:image:width\" content=\"1200\" \/>\n\t<meta property=\"og:image:height\" content=\"758\" \/>\n\t<meta property=\"og:image:type\" content=\"image\/jpeg\" \/>\n<meta name=\"twitter:card\" content=\"summary_large_image\" \/>\n<meta name=\"twitter:label1\" content=\"Est. reading time\" \/>\n\t<meta name=\"twitter:data1\" content=\"1 minute\" \/>\n<script type=\"application\/ld+json\" class=\"yoast-schema-graph\">{\"@context\":\"https:\\\/\\\/schema.org\",\"@graph\":[{\"@type\":\"WebPage\",\"@id\":\"https:\\\/\\\/www.hotel-nice-suisse.com\\\/en\\\/contacts\\\/\",\"url\":\"https:\\\/\\\/www.hotel-nice-suisse.com\\\/en\\\/contacts\\\/\",\"name\":\"Contacts - Hotel Suisse Nice -\",\"isPartOf\":{\"@id\":\"https:\\\/\\\/www.hotel-nice-suisse.com\\\/en\\\/#website\"},\"datePublished\":\"2024-12-16T11:15:44+00:00\",\"dateModified\":\"2025-02-14T09:06:43+00:00\",\"description\":\"HOTEL SUISSE NICE 15 Quai Raub\u00e0 Cap\u00e9\u00f9 Promenade des Anglais, 06300 Nice, France suisse@hoa-hotels.com P: +33 (0) 4 92 17 39 00 [gravityform id=\\\"3\\\" title=\\\"false\\\" description=\\\"true\\\" ajax=\\\"true\\\"].\",\"breadcrumb\":{\"@id\":\"https:\\\/\\\/www.hotel-nice-suisse.com\\\/en\\\/contacts\\\/#breadcrumb\"},\"inLanguage\":\"en-US\",\"potentialAction\":[{\"@type\":\"ReadAction\",\"target\":[\"https:\\\/\\\/www.hotel-nice-suisse.com\\\/en\\\/contacts\\\/\"]}]},{\"@type\":\"BreadcrumbList\",\"@id\":\"https:\\\/\\\/www.hotel-nice-suisse.com\\\/en\\\/contacts\\\/#breadcrumb\",\"itemListElement\":[{\"@type\":\"ListItem\",\"position\":1,\"name\":\"Home\",\"item\":\"https:\\\/\\\/www.hotel-nice-suisse.com\\\/en\\\/\"},{\"@type\":\"ListItem\",\"position\":2,\"name\":\"Contacts\"}]},{\"@type\":\"WebSite\",\"@id\":\"https:\\\/\\\/www.hotel-nice-suisse.com\\\/en\\\/#website\",\"url\":\"https:\\\/\\\/www.hotel-nice-suisse.com\\\/en\\\/\",\"name\":\"Hotel Suisse Nice\",\"description\":\"\",\"publisher\":{\"@id\":\"https:\\\/\\\/www.hotel-nice-suisse.com\\\/en\\\/#organization\"},\"potentialAction\":[{\"@type\":\"SearchAction\",\"target\":{\"@type\":\"EntryPoint\",\"urlTemplate\":\"https:\\\/\\\/www.hotel-nice-suisse.com\\\/en\\\/?s={search_term_string}\"},\"query-input\":{\"@type\":\"PropertyValueSpecification\",\"valueRequired\":true,\"valueName\":\"search_term_string\"}}],\"inLanguage\":\"en-US\"},{\"@type\":\"Organization\",\"@id\":\"https:\\\/\\\/www.hotel-nice-suisse.com\\\/en\\\/#organization\",\"name\":\"Hotel Suisse Nice\",\"url\":\"https:\\\/\\\/www.hotel-nice-suisse.com\\\/en\\\/\",\"logo\":{\"@type\":\"ImageObject\",\"inLanguage\":\"en-US\",\"@id\":\"https:\\\/\\\/www.hotel-nice-suisse.com\\\/en\\\/#\\\/schema\\\/logo\\\/image\\\/\",\"url\":\"https:\\\/\\\/hotel-suisse-nice.ms2.decms.eu\\\/wp-content\\\/uploads\\\/sites\\\/189\\\/2024\\\/12\\\/LOGO_HOA_LE-SUISSE_color.png\",\"contentUrl\":\"https:\\\/\\\/hotel-suisse-nice.ms2.decms.eu\\\/wp-content\\\/uploads\\\/sites\\\/189\\\/2024\\\/12\\\/LOGO_HOA_LE-SUISSE_color.png\",\"width\":400,\"height\":332,\"caption\":\"Hotel Suisse Nice\"},\"image\":{\"@id\":\"https:\\\/\\\/www.hotel-nice-suisse.com\\\/en\\\/#\\\/schema\\\/logo\\\/image\\\/\"},\"sameAs\":[\"https:\\\/\\\/www.facebook.com\\\/HotelSuisseNice\"]}]}<\/script>\n<!-- \/ Yoast SEO plugin. -->","yoast_head_json":{"title":"Contacts - Hotel Suisse Nice -","description":"HOTEL SUISSE NICE 15 Quai Raub\u00e0 Cap\u00e9\u00f9 Promenade des Anglais, 06300 Nice, France suisse@hoa-hotels.com P: +33 (0) 4 92 17 39 00 [gravityform id=\"3\" title=\"false\" description=\"true\" ajax=\"true\"].","robots":{"index":"index","follow":"follow","max-snippet":"max-snippet:-1","max-image-preview":"max-image-preview:large","max-video-preview":"max-video-preview:-1"},"canonical":"https:\/\/www.hotel-nice-suisse.com\/en\/contacts\/","og_locale":"en_US","og_type":"article","og_title":"Contacts - Hotel Suisse Nice -","og_description":"HOTEL SUISSE NICE 15 Quai Raub\u00e0 Cap\u00e9\u00f9 Promenade des Anglais, 06300 Nice, France suisse@hoa-hotels.com P: +33 (0) 4 92 17 39 00 [gravityform id=\"3\" title=\"false\" description=\"true\" ajax=\"true\"].","og_url":"https:\/\/www.hotel-nice-suisse.com\/en\/contacts\/","og_site_name":"Hotel Suisse Nice","article_publisher":"https:\/\/www.facebook.com\/HotelSuisseNice","article_modified_time":"2025-02-14T09:06:43+00:00","og_image":[{"width":1200,"height":758,"url":"https:\/\/www.hotel-nice-suisse.com\/wp-content\/uploads\/sites\/189\/2024\/12\/hotel_Suisse_nice_chambres_feat.jpg","type":"image\/jpeg"}],"twitter_card":"summary_large_image","twitter_misc":{"Est. reading time":"1 minute"},"schema":{"@context":"https:\/\/schema.org","@graph":[{"@type":"WebPage","@id":"https:\/\/www.hotel-nice-suisse.com\/en\/contacts\/","url":"https:\/\/www.hotel-nice-suisse.com\/en\/contacts\/","name":"Contacts - Hotel Suisse Nice -","isPartOf":{"@id":"https:\/\/www.hotel-nice-suisse.com\/en\/#website"},"datePublished":"2024-12-16T11:15:44+00:00","dateModified":"2025-02-14T09:06:43+00:00","description":"HOTEL SUISSE NICE 15 Quai Raub\u00e0 Cap\u00e9\u00f9 Promenade des Anglais, 06300 Nice, France suisse@hoa-hotels.com P: +33 (0) 4 92 17 39 00 [gravityform id=\"3\" title=\"false\" description=\"true\" ajax=\"true\"].","breadcrumb":{"@id":"https:\/\/www.hotel-nice-suisse.com\/en\/contacts\/#breadcrumb"},"inLanguage":"en-US","potentialAction":[{"@type":"ReadAction","target":["https:\/\/www.hotel-nice-suisse.com\/en\/contacts\/"]}]},{"@type":"BreadcrumbList","@id":"https:\/\/www.hotel-nice-suisse.com\/en\/contacts\/#breadcrumb","itemListElement":[{"@type":"ListItem","position":1,"name":"Home","item":"https:\/\/www.hotel-nice-suisse.com\/en\/"},{"@type":"ListItem","position":2,"name":"Contacts"}]},{"@type":"WebSite","@id":"https:\/\/www.hotel-nice-suisse.com\/en\/#website","url":"https:\/\/www.hotel-nice-suisse.com\/en\/","name":"Hotel Suisse Nice","description":"","publisher":{"@id":"https:\/\/www.hotel-nice-suisse.com\/en\/#organization"},"potentialAction":[{"@type":"SearchAction","target":{"@type":"EntryPoint","urlTemplate":"https:\/\/www.hotel-nice-suisse.com\/en\/?s={search_term_string}"},"query-input":{"@type":"PropertyValueSpecification","valueRequired":true,"valueName":"search_term_string"}}],"inLanguage":"en-US"},{"@type":"Organization","@id":"https:\/\/www.hotel-nice-suisse.com\/en\/#organization","name":"Hotel Suisse Nice","url":"https:\/\/www.hotel-nice-suisse.com\/en\/","logo":{"@type":"ImageObject","inLanguage":"en-US","@id":"https:\/\/www.hotel-nice-suisse.com\/en\/#\/schema\/logo\/image\/","url":"https:\/\/hotel-suisse-nice.ms2.decms.eu\/wp-content\/uploads\/sites\/189\/2024\/12\/LOGO_HOA_LE-SUISSE_color.png","contentUrl":"https:\/\/hotel-suisse-nice.ms2.decms.eu\/wp-content\/uploads\/sites\/189\/2024\/12\/LOGO_HOA_LE-SUISSE_color.png","width":400,"height":332,"caption":"Hotel Suisse Nice"},"image":{"@id":"https:\/\/www.hotel-nice-suisse.com\/en\/#\/schema\/logo\/image\/"},"sameAs":["https:\/\/www.facebook.com\/HotelSuisseNice"]}]}},"acf":[],"_links":{"self":[{"href":"https:\/\/www.hotel-nice-suisse.com\/en\/wp-json\/wp\/v2\/pages\/199","targetHints":{"allow":["GET"]}}],"collection":[{"href":"https:\/\/www.hotel-nice-suisse.com\/en\/wp-json\/wp\/v2\/pages"}],"about":[{"href":"https:\/\/www.hotel-nice-suisse.com\/en\/wp-json\/wp\/v2\/types\/page"}],"author":[{"embeddable":true,"href":"https:\/\/www.hotel-nice-suisse.com\/en\/wp-json\/wp\/v2\/users\/199"}],"replies":[{"embeddable":true,"href":"https:\/\/www.hotel-nice-suisse.com\/en\/wp-json\/wp\/v2\/comments?post=199"}],"version-history":[{"count":0,"href":"https:\/\/www.hotel-nice-suisse.com\/en\/wp-json\/wp\/v2\/pages\/199\/revisions"}],"wp:attachment":[{"href":"https:\/\/www.hotel-nice-suisse.com\/en\/wp-json\/wp\/v2\/media?parent=199"}],"curies":[{"name":"wp","href":"https:\/\/api.w.org\/{rel}","templated":true}]}}